{"id":2767,"date":"2018-11-21T21:15:29","date_gmt":"2018-11-21T21:15:29","guid":{"rendered":"https:\/\/ltimmerman.nl\/service\/"},"modified":"2019-02-08T09:28:05","modified_gmt":"2019-02-08T09:28:05","slug":"service","status":"publish","type":"page","link":"https:\/\/ltimmerman.nl\/de\/service\/","title":{"rendered":"Service &#038; Revision"},"content":{"rendered":"<p>Service und Revision Ihrer Maschinen erfolgen in unserer Werkstatt, an unserem Kai, aber auch bei Ihnen vor Ort. Unabh\u00e4ngig von der Marke f\u00fchren wir Reparatur- und Wartungsarbeiten an allerlei Maschinen und Tiefladern durch. Wir verf\u00fcgen \u00fcber komplett ausgestattete Servicebusse und ein qualifiziertes und erfahrenes Serviceteam, das rund um die Uhr f\u00fcr Sie bereitsteht. Dar\u00fcber hinaus liefern wir Ersatzteile f\u00fcr alle g\u00e4ngigen Marken.<\/p>\n<p>Wir sind bereits seit 100 Jahren in dieser Branche t\u00e4tig und verstehen, wie wichtig Flexibilit\u00e4t und ad\u00e4quates Handeln sind. Wir verf\u00fcgen \u00fcber ein festes Team mit kompetenten Fachkr\u00e4ften, die genau wissen, was von ihnen erwartet wird. Unser Team mit Servicemonteuren steht rund um die Uhr f\u00fcr Sie bereit, und in unserem Lager halten wir eine Vielzahl an Materialien vor, auch Edelstahl. Da wir dies selbst verarbeiten k\u00f6nnen, sind wir in der Lage, schnell zu handeln.<\/p>\n","protected":false},"excerpt":{"rendered":"<p>Service und Revision Ihrer Maschinen erfolgen in unserer Werkstatt, an unserem Kai, aber auch bei Ihnen vor Ort. Unabh\u00e4ngig von der Marke f\u00fchren wir Reparatur- und Wartungsarbeiten an allerlei Maschinen und Tiefladern durch. Wir verf\u00fcgen \u00fcber komplett ausgestattete Servicebusse und ein qualifiziertes und erfahrenes Serviceteam, das rund um die Uhr f\u00fcr Sie bereitsteht. Dar\u00fcber hinaus [&hellip;]<\/p>\n","protected":false},"author":13,"featured_media":0,"parent":0,"menu_order":6,"comment_status":"closed","ping_status":"closed","template":"service.php","meta":{"_acf_changed":false,"footnotes":""},"class_list":["post-2767","page","type-page","status-publish","hentry"],"acf":[],"yoast_head":"<!-- This site is optimized with the Yoast SEO plugin v25.0 - https:\/\/yoast.com\/wordpress\/plugins\/seo\/ -->\n<title>Service &amp; Revision - L. Timmerman<\/title>\n<meta name=\"robots\" content=\"index, follow, max-snippet:-1, max-image-preview:large, max-video-preview:-1\" \/>\n<link rel=\"canonical\" href=\"https:\/\/ltimmerman.nl\/de\/service\/\" \/>\n<meta property=\"og:locale\" content=\"de_DE\" \/>\n<meta property=\"og:type\" content=\"article\" \/>\n<meta property=\"og:title\" content=\"Service &amp; Revision - L. Timmerman\" \/>\n<meta property=\"og:description\" content=\"Service und Revision Ihrer Maschinen erfolgen in unserer Werkstatt, an unserem Kai, aber auch bei Ihnen vor Ort. Unabh\u00e4ngig von der Marke f\u00fchren wir Reparatur- und Wartungsarbeiten an allerlei Maschinen und Tiefladern durch. Wir verf\u00fcgen \u00fcber komplett ausgestattete Servicebusse und ein qualifiziertes und erfahrenes Serviceteam, das rund um die Uhr f\u00fcr Sie bereitsteht. Dar\u00fcber hinaus [&hellip;]\" \/>\n<meta property=\"og:url\" content=\"https:\/\/ltimmerman.nl\/de\/service\/\" \/>\n<meta property=\"og:site_name\" content=\"L. Timmerman\" \/>\n<meta property=\"article:publisher\" content=\"https:\/\/www.facebook.com\/TimmermanMiddelburg\/\" \/>\n<meta property=\"article:modified_time\" content=\"2019-02-08T09:28:05+00:00\" \/>\n<meta name=\"twitter:card\" content=\"summary_large_image\" \/>\n<meta name=\"twitter:label1\" content=\"Gesch\u00e4tzte Lesezeit\" \/>\n\t<meta name=\"twitter:data1\" content=\"1\u00a0Minute\" \/>\n<script type=\"application\/ld+json\" class=\"yoast-schema-graph\">{\"@context\":\"https:\/\/schema.org\",\"@graph\":[{\"@type\":\"WebPage\",\"@id\":\"https:\/\/ltimmerman.nl\/de\/service\/\",\"url\":\"https:\/\/ltimmerman.nl\/de\/service\/\",\"name\":\"Service & Revision - L. Timmerman\",\"isPartOf\":{\"@id\":\"https:\/\/ltimmerman.nl\/#website\"},\"datePublished\":\"2018-11-21T21:15:29+00:00\",\"dateModified\":\"2019-02-08T09:28:05+00:00\",\"breadcrumb\":{\"@id\":\"https:\/\/ltimmerman.nl\/de\/service\/#breadcrumb\"},\"inLanguage\":\"de\",\"potentialAction\":[{\"@type\":\"ReadAction\",\"target\":[\"https:\/\/ltimmerman.nl\/de\/service\/\"]}]},{\"@type\":\"BreadcrumbList\",\"@id\":\"https:\/\/ltimmerman.nl\/de\/service\/#breadcrumb\",\"itemListElement\":[{\"@type\":\"ListItem\",\"position\":1,\"name\":\"Home\",\"item\":\"https:\/\/ltimmerman.nl\/de\/\"},{\"@type\":\"ListItem\",\"position\":2,\"name\":\"Service &#038; Revision\"}]},{\"@type\":\"WebSite\",\"@id\":\"https:\/\/ltimmerman.nl\/#website\",\"url\":\"https:\/\/ltimmerman.nl\/\",\"name\":\"L. Timmerman\",\"description\":\"Vakkundig en Flexibel\",\"publisher\":{\"@id\":\"https:\/\/ltimmerman.nl\/#organization\"},\"potentialAction\":[{\"@type\":\"SearchAction\",\"target\":{\"@type\":\"EntryPoint\",\"urlTemplate\":\"https:\/\/ltimmerman.nl\/?s={search_term_string}\"},\"query-input\":{\"@type\":\"PropertyValueSpecification\",\"valueRequired\":true,\"valueName\":\"search_term_string\"}}],\"inLanguage\":\"de\"},{\"@type\":\"Organization\",\"@id\":\"https:\/\/ltimmerman.nl\/#organization\",\"name\":\"L. Timmerman & Zn.\",\"url\":\"https:\/\/ltimmerman.nl\/\",\"logo\":{\"@type\":\"ImageObject\",\"inLanguage\":\"de\",\"@id\":\"https:\/\/ltimmerman.nl\/#\/schema\/logo\/image\/\",\"url\":\"https:\/\/ltimmerman.nl\/wp-content\/uploads\/2018\/12\/timmerman-middelburg-kleur-transparant-png-prbl.png\",\"contentUrl\":\"https:\/\/ltimmerman.nl\/wp-content\/uploads\/2018\/12\/timmerman-middelburg-kleur-transparant-png-prbl.png\",\"width\":1299,\"height\":213,\"caption\":\"L. Timmerman & Zn.\"},\"image\":{\"@id\":\"https:\/\/ltimmerman.nl\/#\/schema\/logo\/image\/\"},\"sameAs\":[\"https:\/\/www.facebook.com\/TimmermanMiddelburg\/\"]}]}<\/script>\n<!-- \/ Yoast SEO plugin. -->","yoast_head_json":{"title":"Service & Revision - L. Timmerman","robots":{"index":"index","follow":"follow","max-snippet":"max-snippet:-1","max-image-preview":"max-image-preview:large","max-video-preview":"max-video-preview:-1"},"canonical":"https:\/\/ltimmerman.nl\/de\/service\/","og_locale":"de_DE","og_type":"article","og_title":"Service & Revision - L. Timmerman","og_description":"Service und Revision Ihrer Maschinen erfolgen in unserer Werkstatt, an unserem Kai, aber auch bei Ihnen vor Ort. Unabh\u00e4ngig von der Marke f\u00fchren wir Reparatur- und Wartungsarbeiten an allerlei Maschinen und Tiefladern durch. Wir verf\u00fcgen \u00fcber komplett ausgestattete Servicebusse und ein qualifiziertes und erfahrenes Serviceteam, das rund um die Uhr f\u00fcr Sie bereitsteht. Dar\u00fcber hinaus [&hellip;]","og_url":"https:\/\/ltimmerman.nl\/de\/service\/","og_site_name":"L. Timmerman","article_publisher":"https:\/\/www.facebook.com\/TimmermanMiddelburg\/","article_modified_time":"2019-02-08T09:28:05+00:00","twitter_card":"summary_large_image","twitter_misc":{"Gesch\u00e4tzte Lesezeit":"1\u00a0Minute"},"schema":{"@context":"https:\/\/schema.org","@graph":[{"@type":"WebPage","@id":"https:\/\/ltimmerman.nl\/de\/service\/","url":"https:\/\/ltimmerman.nl\/de\/service\/","name":"Service & Revision - L. Timmerman","isPartOf":{"@id":"https:\/\/ltimmerman.nl\/#website"},"datePublished":"2018-11-21T21:15:29+00:00","dateModified":"2019-02-08T09:28:05+00:00","breadcrumb":{"@id":"https:\/\/ltimmerman.nl\/de\/service\/#breadcrumb"},"inLanguage":"de","potentialAction":[{"@type":"ReadAction","target":["https:\/\/ltimmerman.nl\/de\/service\/"]}]},{"@type":"BreadcrumbList","@id":"https:\/\/ltimmerman.nl\/de\/service\/#breadcrumb","itemListElement":[{"@type":"ListItem","position":1,"name":"Home","item":"https:\/\/ltimmerman.nl\/de\/"},{"@type":"ListItem","position":2,"name":"Service &#038; Revision"}]},{"@type":"WebSite","@id":"https:\/\/ltimmerman.nl\/#website","url":"https:\/\/ltimmerman.nl\/","name":"L. Timmerman","description":"Vakkundig en Flexibel","publisher":{"@id":"https:\/\/ltimmerman.nl\/#organization"},"potentialAction":[{"@type":"SearchAction","target":{"@type":"EntryPoint","urlTemplate":"https:\/\/ltimmerman.nl\/?s={search_term_string}"},"query-input":{"@type":"PropertyValueSpecification","valueRequired":true,"valueName":"search_term_string"}}],"inLanguage":"de"},{"@type":"Organization","@id":"https:\/\/ltimmerman.nl\/#organization","name":"L. Timmerman & Zn.","url":"https:\/\/ltimmerman.nl\/","logo":{"@type":"ImageObject","inLanguage":"de","@id":"https:\/\/ltimmerman.nl\/#\/schema\/logo\/image\/","url":"https:\/\/ltimmerman.nl\/wp-content\/uploads\/2018\/12\/timmerman-middelburg-kleur-transparant-png-prbl.png","contentUrl":"https:\/\/ltimmerman.nl\/wp-content\/uploads\/2018\/12\/timmerman-middelburg-kleur-transparant-png-prbl.png","width":1299,"height":213,"caption":"L. Timmerman & Zn."},"image":{"@id":"https:\/\/ltimmerman.nl\/#\/schema\/logo\/image\/"},"sameAs":["https:\/\/www.facebook.com\/TimmermanMiddelburg\/"]}]}},"_links":{"self":[{"href":"https:\/\/ltimmerman.nl\/de\/wp-json\/wp\/v2\/pages\/2767","targetHints":{"allow":["GET"]}}],"collection":[{"href":"https:\/\/ltimmerman.nl\/de\/wp-json\/wp\/v2\/pages"}],"about":[{"href":"https:\/\/ltimmerman.nl\/de\/wp-json\/wp\/v2\/types\/page"}],"author":[{"embeddable":true,"href":"https:\/\/ltimmerman.nl\/de\/wp-json\/wp\/v2\/users\/13"}],"replies":[{"embeddable":true,"href":"https:\/\/ltimmerman.nl\/de\/wp-json\/wp\/v2\/comments?post=2767"}],"version-history":[{"count":0,"href":"https:\/\/ltimmerman.nl\/de\/wp-json\/wp\/v2\/pages\/2767\/revisions"}],"wp:attachment":[{"href":"https:\/\/ltimmerman.nl\/de\/wp-json\/wp\/v2\/media?parent=2767"}],"curies":[{"name":"wp","href":"https:\/\/api.w.org\/{rel}","templated":true}]}}